{"id":531,"date":"2025-01-17T18:54:45","date_gmt":"2025-01-17T18:54:45","guid":{"rendered":"https:\/\/dasia.partnerpreview.com\/?page_id=531"},"modified":"2026-03-06T15:32:52","modified_gmt":"2026-03-06T14:32:52","slug":"nous-rejoindre","status":"publish","type":"page","link":"https:\/\/www.dasia.ai\/en_gb\/nous-rejoindre\/","title":{"rendered":"Join us"},"content":{"rendered":"<div data-elementor-type=\"wp-page\" data-elementor-id=\"531\" class=\"elementor elementor-531\" data-elementor-settings=\"{&quot;element_pack_global_tooltip_width&quot;:{&quot;unit&quot;:&quot;px&quot;,&quot;size&quot;:&quot;&quot;,&quot;sizes&quot;:[]},&quot;element_pack_global_tooltip_width_tablet&quot;:{&quot;unit&quot;:&quot;px&quot;,&quot;size&quot;:&quot;&quot;,&quot;sizes&quot;:[]},&quot;element_pack_global_tooltip_width_mobile&quot;:{&quot;unit&quot;:&quot;px&quot;,&quot;size&quot;:&quot;&quot;,&quot;sizes&quot;:[]},&quot;element_pack_global_tooltip_padding&quot;:{&quot;unit&quot;:&quot;px&quot;,&quot;top&quot;:&quot;&quot;,&quot;right&quot;:&quot;&quot;,&quot;bottom&quot;:&quot;&quot;,&quot;left&quot;:&quot;&quot;,&quot;isLinked&quot;:true},&quot;element_pack_global_tooltip_padding_tablet&quot;:{&quot;unit&quot;:&quot;px&quot;,&quot;top&quot;:&quot;&quot;,&quot;right&quot;:&quot;&quot;,&quot;bottom&quot;:&quot;&quot;,&quot;left&quot;:&quot;&quot;,&quot;isLinked&quot;:true},&quot;element_pack_global_tooltip_padding_mobile&quot;:{&quot;unit&quot;:&quot;px&quot;,&quot;top&quot;:&quot;&quot;,&quot;right&quot;:&quot;&quot;,&quot;bottom&quot;:&quot;&quot;,&quot;left&quot;:&quot;&quot;,&quot;isLinked&quot;:true},&quot;element_pack_global_tooltip_border_radius&quot;:{&quot;unit&quot;:&quot;px&quot;,&quot;top&quot;:&quot;&quot;,&quot;right&quot;:&quot;&quot;,&quot;bottom&quot;:&quot;&quot;,&quot;left&quot;:&quot;&quot;,&quot;isLinked&quot;:true},&quot;element_pack_global_tooltip_border_radius_tablet&quot;:{&quot;unit&quot;:&quot;px&quot;,&quot;top&quot;:&quot;&quot;,&quot;right&quot;:&quot;&quot;,&quot;bottom&quot;:&quot;&quot;,&quot;left&quot;:&quot;&quot;,&quot;isLinked&quot;:true},&quot;element_pack_global_tooltip_border_radius_mobile&quot;:{&quot;unit&quot;:&quot;px&quot;,&quot;top&quot;:&quot;&quot;,&quot;right&quot;:&quot;&quot;,&quot;bottom&quot;:&quot;&quot;,&quot;left&quot;:&quot;&quot;,&quot;isLinked&quot;:true}}\" data-elementor-post-type=\"page\">\n\t\t\t\t\t\t<div class=\"elementor-section elementor-top-section elementor-element elementor-element-d9165de elementor-section-boxed elementor-section-height-default elementor-section-height-default\" data-id=\"d9165de\" data-element_type=\"section\" data-e-type=\"section\" data-settings=\"{&quot;background_background&quot;:&quot;classic&quot;}\">\n\t\t\t\t\t\t<div class=\"elementor-container elementor-column-gap-default\">\n\t\t\t\t\t<div class=\"elementor-column elementor-col-100 elementor-top-column elementor-element elementor-element-feee44b\" data-id=\"feee44b\" data-element_type=\"column\" data-e-type=\"column\">\n\t\t\t<div class=\"elementor-widget-wrap elementor-element-populated\">\n\t\t\t\t\t\t<div class=\"elementor-element elementor-element-686d469 elementor-invisible elementor-widget elementor-widget-heading\" data-id=\"686d469\" data-element_type=\"widget\" data-e-type=\"widget\" data-settings=\"{&quot;_animation&quot;:&quot;fadeInUp&quot;,&quot;_animation_delay&quot;:550}\" data-widget_type=\"heading.default\">\n\t\t\t\t<div class=\"elementor-widget-container\">\n\t\t\t\t\t<h1 class=\"elementor-heading-title elementor-size-default\">Join us \/ Apply<\/h1>\t\t\t\t<\/div>\n\t\t\t\t<\/div>\n\t\t\t\t<div class=\"elementor-element elementor-element-88b5103 elementor-invisible elementor-widget elementor-widget-text-editor\" data-id=\"88b5103\" data-element_type=\"widget\" data-e-type=\"widget\" data-settings=\"{&quot;_animation&quot;:&quot;fadeInUp&quot;,&quot;_animation_delay&quot;:700}\" data-widget_type=\"text-editor.default\">\n\t\t\t\t<div class=\"elementor-widget-container\">\n\t\t\t\t\t\t\t\t\t<p>Our AI and industry experts will contact you very soon.<\/p>\t\t\t\t\t\t\t\t<\/div>\n\t\t\t\t<\/div>\n\t\t\t\t\t<\/div>\n\t\t<\/div>\n\t\t\t\t\t<\/div>\n\t\t<\/div>\n\t\t\t\t<section class=\"elementor-section elementor-top-section elementor-element elementor-element-43cc7a9 elementor-section-boxed elementor-section-height-default elementor-section-height-default\" data-id=\"43cc7a9\" data-element_type=\"section\" data-e-type=\"section\">\n\t\t\t\t\t\t<div class=\"elementor-container elementor-column-gap-default\">\n\t\t\t\t\t<div class=\"elementor-column elementor-col-100 elementor-top-column elementor-element elementor-element-904c8b1\" data-id=\"904c8b1\" data-element_type=\"column\" data-e-type=\"column\">\n\t\t\t<div class=\"elementor-widget-wrap elementor-element-populated\">\n\t\t\t\t\t\t<div class=\"elementor-element elementor-element-1b0f973 elementor-widget elementor-widget-shortcode\" data-id=\"1b0f973\" data-element_type=\"widget\" data-e-type=\"widget\" data-widget_type=\"shortcode.default\">\n\t\t\t\t<div class=\"elementor-widget-container\">\n\t\t\t\t\t\t\t<div class=\"elementor-shortcode\">\n<div class=\"wpcf7 no-js\" id=\"wpcf7-f576-o1\" lang=\"en-US\" dir=\"ltr\" data-wpcf7-id=\"576\">\n<div class=\"screen-reader-response\"><p role=\"status\" aria-live=\"polite\" aria-atomic=\"true\"><\/p> <ul><\/ul><\/div>\n<form action=\"\/en_gb\/wp-json\/wp\/v2\/pages\/531#wpcf7-f576-o1\" method=\"post\" class=\"wpcf7-form init\" aria-label=\"Contact form\" enctype=\"multipart\/form-data\" novalidate=\"novalidate\" data-status=\"init\" data-trp-original-action=\"\/en_gb\/wp-json\/wp\/v2\/pages\/531#wpcf7-f576-o1\">\n<fieldset class=\"hidden-fields-container\"><input type=\"hidden\" name=\"_wpcf7\" value=\"576\" \/><input type=\"hidden\" name=\"_wpcf7_version\" value=\"6.1.5\" \/><input type=\"hidden\" name=\"_wpcf7_locale\" value=\"en_US\" \/><input type=\"hidden\" name=\"_wpcf7_unit_tag\" value=\"wpcf7-f576-o1\" \/><input type=\"hidden\" name=\"_wpcf7_container_post\" value=\"0\" \/><input type=\"hidden\" name=\"_wpcf7_posted_data_hash\" value=\"\" \/>\n<\/fieldset>\n<div class=\"row xb-contact-form\">\n\t<div class=\"col-md-6\">\n\t\t<div class=\"form-group\">\n\t\t\t<p><label class=\"input_title\">Civility<\/label>\n\t\t\t<\/p>\n\t\t\t<div class=\"form-check\">\n\t\t\t\t<p><span class=\"wpcf7-form-control-wrap\" data-name=\"applicant_gender\"><span class=\"wpcf7-form-control wpcf7-radio\"><span class=\"wpcf7-list-item first\"><label><input type=\"radio\" name=\"applicant_gender\" value=\"M\" checked=\"checked\" \/><span class=\"wpcf7-list-item-label\">M<\/span><\/label><\/span><span class=\"wpcf7-list-item last\"><label><input type=\"radio\" name=\"applicant_gender\" value=\"Mme\" \/><span class=\"wpcf7-list-item-label\">mrs<\/span><\/label><\/span><\/span><\/span>\n\t\t\t\t<\/p>\n\t\t\t<\/div>\n\t\t<\/div>\n\t<\/div>\n\t<div class=\"col-md-6\">\n\t\t<div class=\"form-group\">\n\t\t\t<p><label class=\"input_title\" for=\"input_last_name\">Name<\/label><br \/>\n<span class=\"wpcf7-form-control-wrap\" data-name=\"last_name\"><input size=\"40\" maxlength=\"400\" class=\"wpcf7-form-control wpcf7-text wpcf7-validates-as-required form-control\" id=\"input_last_name\" aria-required=\"true\" aria-invalid=\"false\" value=\"\" type=\"text\" name=\"last_name\" \/><\/span>\n\t\t\t<\/p>\n\t\t<\/div>\n\t<\/div>\n\t<div class=\"col-md-6\">\n\t\t<div class=\"form-group\">\n\t\t\t<p><label class=\"input_title\" for=\"input_first_name\">First name<\/label><br \/>\n<span class=\"wpcf7-form-control-wrap\" data-name=\"first_name\"><input size=\"40\" maxlength=\"400\" class=\"wpcf7-form-control wpcf7-text wpcf7-validates-as-required form-control\" id=\"input_first_name\" aria-required=\"true\" aria-invalid=\"false\" value=\"\" type=\"text\" name=\"first_name\" \/><\/span>\n\t\t\t<\/p>\n\t\t<\/div>\n\t<\/div>\n\t<div class=\"col-md-6\">\n\t\t<div class=\"form-group\">\n\t\t\t<p><label class=\"input_title\" for=\"input_email\">E-mail<\/label><br \/>\n<span class=\"wpcf7-form-control-wrap\" data-name=\"applicant_email\"><input size=\"40\" maxlength=\"400\" class=\"wpcf7-form-control wpcf7-email wpcf7-validates-as-required wpcf7-text wpcf7-validates-as-email form-control\" id=\"input_email\" aria-required=\"true\" aria-invalid=\"false\" value=\"\" type=\"email\" name=\"applicant_email\" \/><\/span>\n\t\t\t<\/p>\n\t\t<\/div>\n\t<\/div>\n\t<div class=\"col-md-6\">\n\t\t<div class=\"form-group\">\n\t\t\t<p><label class=\"input_title\" for=\"input_phone\">Phone<\/label><br \/>\n<span class=\"wpcf7-form-control-wrap\" data-name=\"applicant_phone\"><input size=\"40\" maxlength=\"400\" class=\"wpcf7-form-control wpcf7-tel wpcf7-validates-as-required wpcf7-text wpcf7-validates-as-tel form-control\" id=\"input_phone\" aria-required=\"true\" aria-invalid=\"false\" value=\"\" type=\"tel\" name=\"applicant_phone\" \/><\/span>\n\t\t\t<\/p>\n\t\t<\/div>\n\t<\/div>\n\t<div class=\"col-md-6\">\n\t\t<div class=\"form-group\">\n\t\t\t<p><label class=\"input_title\" for=\"input_reference\">Reference or desired position<\/label><br \/>\n<span class=\"wpcf7-form-control-wrap\" data-name=\"position_reference\"><input size=\"40\" maxlength=\"400\" class=\"wpcf7-form-control wpcf7-text form-control\" id=\"input_reference\" aria-invalid=\"false\" value=\"\" type=\"text\" name=\"position_reference\" \/><\/span>\n\t\t\t<\/p>\n\t\t<\/div>\n\t<\/div>\n\t<div class=\"col-md-6\">\n\t\t<div class=\"form-group\">\n\t\t\t<p><label class=\"input_title\" for=\"input_education\">Training<\/label><br \/>\n<span class=\"wpcf7-form-control-wrap\" data-name=\"education_level\"><select class=\"wpcf7-form-control wpcf7-select wpcf7-validates-as-required form-control\" id=\"input_education\" aria-required=\"true\" aria-invalid=\"false\" name=\"education_level\"><option value=\"Choisissez...\">Choose...<\/option><option value=\"Doctorat\">Doctorate<\/option><option value=\"MBA\">MBA<\/option><option value=\"Ecole d\u2019ing\u00e9nieur\">Engineering school<\/option><option value=\"Ecole de commerce\">Business school<\/option><option value=\"Master 2\/DESS\/DEA\">Master 2\/DESS\/DEA<\/option><option value=\"Master 1 \/ Ma\u00eetrise\">Master 1 \/ Master&#039;s<\/option><option value=\"Licence\">License<\/option><option value=\"BTS\/DUT\">BTS\/DUT<\/option><\/select><\/span>\n\t\t\t<\/p>\n\t\t<\/div>\n\t<\/div>\n\t<div class=\"col-md-6\">\n\t\t<div class=\"form-group\">\n\t\t\t<p><label class=\"input_title\" for=\"input_experience\">Years of experience<\/label><br \/>\n<span class=\"wpcf7-form-control-wrap\" data-name=\"experience_years\"><select class=\"wpcf7-form-control wpcf7-select wpcf7-validates-as-required form-control\" id=\"input_experience\" aria-required=\"true\" aria-invalid=\"false\" name=\"experience_years\"><option value=\"Choisissez...\">Choose...<\/option><option value=\"2 ans\">2 years<\/option><option value=\"5 ans\">5 years<\/option><option value=\"10 ans\">10 years<\/option><option value=\"&gt; 10 ans\">&gt; 10 years<\/option><\/select><\/span>\n\t\t\t<\/p>\n\t\t<\/div>\n\t<\/div>\n\t<div class=\"col-12\">\n\t\t<div class=\"form-group\">\n\t\t\t<p><label class=\"input_title\" for=\"input_message\">Message<\/label><br \/>\n<span class=\"wpcf7-form-control-wrap\" data-name=\"applicant_message\"><textarea cols=\"40\" rows=\"10\" maxlength=\"2000\" class=\"wpcf7-form-control wpcf7-textarea wpcf7-validates-as-required form-control\" id=\"input_message\" aria-required=\"true\" aria-invalid=\"false\" name=\"applicant_message\"><\/textarea><\/span>\n\t\t\t<\/p>\n\t\t<\/div>\n\t<\/div>\n\t<div class=\"col-md-6\">\n\t\t<div class=\"form-group\">\n\t\t\t<p><label class=\"input_title\" for=\"input_cv\">Attach your CV<\/label><br \/>\n<span class=\"wpcf7-form-control-wrap\" data-name=\"cv_attachment\"><input size=\"40\" class=\"wpcf7-form-control wpcf7-file wpcf7-validates-as-required form-control\" id=\"input_cv\" accept=\"audio\/*,video\/*,image\/*\" aria-required=\"true\" aria-invalid=\"false\" type=\"file\" name=\"cv_attachment\" \/><\/span>\n\t\t\t<\/p>\n\t\t<\/div>\n\t<\/div>\n\t<div class=\"col-md-6\">\n\t\t<div class=\"form-group\">\n\t\t\t<p><label class=\"input_title\" for=\"input_motivation\">Attach your cover letter<\/label><br \/>\n<span class=\"wpcf7-form-control-wrap\" data-name=\"motivation_letter\"><input size=\"40\" class=\"wpcf7-form-control wpcf7-file form-control\" id=\"input_motivation\" accept=\"audio\/*,video\/*,image\/*\" aria-invalid=\"false\" type=\"file\" name=\"motivation_letter\" \/><\/span>\n\t\t\t<\/p>\n\t\t<\/div>\n\t<\/div>\n\t<div class=\"col-12 text-center\">\n\t\t<p><button type=\"submit\" class=\"btn-custom\"><br \/>\n<span class=\"btn_label\">Send<\/span><br \/>\n<span class=\"btn_icon\"><br \/>\n<i class=\"fa-solid fa-arrow-up-right\"><\/i><br \/>\n<\/span><br \/>\n<\/button>\n\t\t<\/p>\n\t<\/div>\n<\/div><div class=\"wpcf7-response-output\" aria-hidden=\"true\"><\/div>\n<input type=\"hidden\" name=\"trp-form-language\" value=\"en_gb\"\/><\/form>\n<\/div>\n<\/div>\n\t\t\t\t\t\t<\/div>\n\t\t\t\t<\/div>\n\t\t\t\t\t<\/div>\n\t\t<\/div>\n\t\t\t\t\t<\/div>\n\t\t<\/section>\n\t\t\t\t<\/div>","protected":false},"excerpt":{"rendered":"<p>Nous rejoindre \/ Candidater Nos experts en IA et m\u00e9tiers vous recontacteront tr\u00e8s rapidement<\/p>","protected":false},"author":3,"featured_media":0,"parent":0,"menu_order":0,"comment_status":"closed","ping_status":"closed","template":"","meta":{"footnotes":""},"class_list":["post-531","page","type-page","status-publish","hentry"],"yoast_head":"<!-- This site is optimized with the Yoast SEO plugin v27.4 - https:\/\/yoast.com\/product\/yoast-seo-wordpress\/ -->\n<title>Nous rejoindre - dasia.ai<\/title>\n<meta name=\"description\" content=\"Vous aimez les nouvelles technologies, les sciences de la vision et de l&#039;image vous int\u00e9ressent, n&#039;h\u00e9sitez pas \u00e0 nous rejoindre ...\" \/>\n<meta name=\"robots\" content=\"index, follow, max-snippet:-1, max-image-preview:large, max-video-preview:-1\" \/>\n<link rel=\"canonical\" href=\"https:\/\/www.dasia.ai\/en_gb\/nous-rejoindre\/\" \/>\n<meta property=\"og:locale\" content=\"en_GB\" \/>\n<meta property=\"og:type\" content=\"article\" \/>\n<meta property=\"og:title\" content=\"Nous rejoindre - dasia.ai\" \/>\n<meta property=\"og:description\" content=\"Vous aimez les nouvelles technologies, les sciences de la vision et de l&#039;image vous int\u00e9ressent, n&#039;h\u00e9sitez pas \u00e0 nous rejoindre ...\" \/>\n<meta property=\"og:url\" content=\"https:\/\/www.dasia.ai\/en_gb\/nous-rejoindre\/\" \/>\n<meta property=\"og:site_name\" content=\"dasia.ai\" \/>\n<meta property=\"article:publisher\" content=\"https:\/\/www.facebook.com\/profile.php?id=61572633573293\" \/>\n<meta property=\"article:modified_time\" content=\"2026-03-06T14:32:52+00:00\" \/>\n<meta name=\"twitter:card\" content=\"summary_large_image\" \/>\n<meta name=\"twitter:label1\" content=\"Estimated reading time\" \/>\n\t<meta name=\"twitter:data1\" content=\"1 minute\" \/>\n<script type=\"application\/ld+json\" class=\"yoast-schema-graph\">{\"@context\":\"https:\\\/\\\/schema.org\",\"@graph\":[{\"@type\":\"WebPage\",\"@id\":\"https:\\\/\\\/www.dasia.ai\\\/nous-rejoindre\\\/\",\"url\":\"https:\\\/\\\/www.dasia.ai\\\/nous-rejoindre\\\/\",\"name\":\"Nous rejoindre - dasia.ai\",\"isPartOf\":{\"@id\":\"https:\\\/\\\/www.dasia.ai\\\/#website\"},\"datePublished\":\"2025-01-17T18:54:45+00:00\",\"dateModified\":\"2026-03-06T14:32:52+00:00\",\"description\":\"Vous aimez les nouvelles technologies, les sciences de la vision et de l'image vous int\u00e9ressent, n'h\u00e9sitez pas \u00e0 nous rejoindre ...\",\"breadcrumb\":{\"@id\":\"https:\\\/\\\/www.dasia.ai\\\/nous-rejoindre\\\/#breadcrumb\"},\"inLanguage\":\"en-GB\",\"potentialAction\":[{\"@type\":\"ReadAction\",\"target\":[\"https:\\\/\\\/www.dasia.ai\\\/nous-rejoindre\\\/\"]}]},{\"@type\":\"BreadcrumbList\",\"@id\":\"https:\\\/\\\/www.dasia.ai\\\/nous-rejoindre\\\/#breadcrumb\",\"itemListElement\":[{\"@type\":\"ListItem\",\"position\":1,\"name\":\"Accueil\",\"item\":\"https:\\\/\\\/www.dasia.ai\\\/\"},{\"@type\":\"ListItem\",\"position\":2,\"name\":\"Nous rejoindre\"}]},{\"@type\":\"WebSite\",\"@id\":\"https:\\\/\\\/www.dasia.ai\\\/#website\",\"url\":\"https:\\\/\\\/www.dasia.ai\\\/\",\"name\":\"dasia.ai\",\"description\":\"Un nouvel acteur majeur de l\u2019IA et de la vision par ordinateur\",\"publisher\":{\"@id\":\"https:\\\/\\\/www.dasia.ai\\\/#organization\"},\"potentialAction\":[{\"@type\":\"SearchAction\",\"target\":{\"@type\":\"EntryPoint\",\"urlTemplate\":\"https:\\\/\\\/www.dasia.ai\\\/?s={search_term_string}\"},\"query-input\":{\"@type\":\"PropertyValueSpecification\",\"valueRequired\":true,\"valueName\":\"search_term_string\"}}],\"inLanguage\":\"en-GB\"},{\"@type\":\"Organization\",\"@id\":\"https:\\\/\\\/www.dasia.ai\\\/#organization\",\"name\":\"dasia.ai\",\"url\":\"https:\\\/\\\/www.dasia.ai\\\/\",\"logo\":{\"@type\":\"ImageObject\",\"inLanguage\":\"en-GB\",\"@id\":\"https:\\\/\\\/www.dasia.ai\\\/#\\\/schema\\\/logo\\\/image\\\/\",\"url\":\"https:\\\/\\\/www.dasia.ai\\\/wp-content\\\/uploads\\\/2025\\\/01\\\/logo-wobsite-80x80-cm-01.jpg\",\"contentUrl\":\"https:\\\/\\\/www.dasia.ai\\\/wp-content\\\/uploads\\\/2025\\\/01\\\/logo-wobsite-80x80-cm-01.jpg\",\"width\":167,\"height\":167,\"caption\":\"dasia.ai\"},\"image\":{\"@id\":\"https:\\\/\\\/www.dasia.ai\\\/#\\\/schema\\\/logo\\\/image\\\/\"},\"sameAs\":[\"https:\\\/\\\/www.facebook.com\\\/profile.php?id=61572633573293\",\"https:\\\/\\\/www.instagram.com\\\/dasia.ai\\\/\",\"https:\\\/\\\/www.youtube.com\\\/@dasia-ai\",\"https:\\\/\\\/www.linkedin.com\\\/company\\\/dasia-sas\\\/\"]}]}<\/script>\n<!-- \/ Yoast SEO plugin. -->","yoast_head_json":{"title":"Nous rejoindre - dasia.ai","description":"Vous aimez les nouvelles technologies, les sciences de la vision et de l'image vous int\u00e9ressent, n'h\u00e9sitez pas \u00e0 nous rejoindre ...","robots":{"index":"index","follow":"follow","max-snippet":"max-snippet:-1","max-image-preview":"max-image-preview:large","max-video-preview":"max-video-preview:-1"},"canonical":"https:\/\/www.dasia.ai\/en_gb\/nous-rejoindre\/","og_locale":"en_GB","og_type":"article","og_title":"Nous rejoindre - dasia.ai","og_description":"Vous aimez les nouvelles technologies, les sciences de la vision et de l'image vous int\u00e9ressent, n'h\u00e9sitez pas \u00e0 nous rejoindre ...","og_url":"https:\/\/www.dasia.ai\/en_gb\/nous-rejoindre\/","og_site_name":"dasia.ai","article_publisher":"https:\/\/www.facebook.com\/profile.php?id=61572633573293","article_modified_time":"2026-03-06T14:32:52+00:00","twitter_card":"summary_large_image","twitter_misc":{"Estimated reading time":"1 minute"},"schema":{"@context":"https:\/\/schema.org","@graph":[{"@type":"WebPage","@id":"https:\/\/www.dasia.ai\/nous-rejoindre\/","url":"https:\/\/www.dasia.ai\/nous-rejoindre\/","name":"Nous rejoindre - dasia.ai","isPartOf":{"@id":"https:\/\/www.dasia.ai\/#website"},"datePublished":"2025-01-17T18:54:45+00:00","dateModified":"2026-03-06T14:32:52+00:00","description":"Vous aimez les nouvelles technologies, les sciences de la vision et de l'image vous int\u00e9ressent, n'h\u00e9sitez pas \u00e0 nous rejoindre ...","breadcrumb":{"@id":"https:\/\/www.dasia.ai\/nous-rejoindre\/#breadcrumb"},"inLanguage":"en-GB","potentialAction":[{"@type":"ReadAction","target":["https:\/\/www.dasia.ai\/nous-rejoindre\/"]}]},{"@type":"BreadcrumbList","@id":"https:\/\/www.dasia.ai\/nous-rejoindre\/#breadcrumb","itemListElement":[{"@type":"ListItem","position":1,"name":"Accueil","item":"https:\/\/www.dasia.ai\/"},{"@type":"ListItem","position":2,"name":"Nous rejoindre"}]},{"@type":"WebSite","@id":"https:\/\/www.dasia.ai\/#website","url":"https:\/\/www.dasia.ai\/","name":"dasia.ai","description":"A new major player in AI and computer vision","publisher":{"@id":"https:\/\/www.dasia.ai\/#organization"},"potentialAction":[{"@type":"SearchAction","target":{"@type":"EntryPoint","urlTemplate":"https:\/\/www.dasia.ai\/?s={search_term_string}"},"query-input":{"@type":"PropertyValueSpecification","valueRequired":true,"valueName":"search_term_string"}}],"inLanguage":"en-GB"},{"@type":"Organization","@id":"https:\/\/www.dasia.ai\/#organization","name":"dasia.ai","url":"https:\/\/www.dasia.ai\/","logo":{"@type":"ImageObject","inLanguage":"en-GB","@id":"https:\/\/www.dasia.ai\/#\/schema\/logo\/image\/","url":"https:\/\/www.dasia.ai\/wp-content\/uploads\/2025\/01\/logo-wobsite-80x80-cm-01.jpg","contentUrl":"https:\/\/www.dasia.ai\/wp-content\/uploads\/2025\/01\/logo-wobsite-80x80-cm-01.jpg","width":167,"height":167,"caption":"dasia.ai"},"image":{"@id":"https:\/\/www.dasia.ai\/#\/schema\/logo\/image\/"},"sameAs":["https:\/\/www.facebook.com\/profile.php?id=61572633573293","https:\/\/www.instagram.com\/dasia.ai\/","https:\/\/www.youtube.com\/@dasia-ai","https:\/\/www.linkedin.com\/company\/dasia-sas\/"]}]}},"_links":{"self":[{"href":"https:\/\/www.dasia.ai\/en_gb\/wp-json\/wp\/v2\/pages\/531","targetHints":{"allow":["GET"]}}],"collection":[{"href":"https:\/\/www.dasia.ai\/en_gb\/wp-json\/wp\/v2\/pages"}],"about":[{"href":"https:\/\/www.dasia.ai\/en_gb\/wp-json\/wp\/v2\/types\/page"}],"author":[{"embeddable":true,"href":"https:\/\/www.dasia.ai\/en_gb\/wp-json\/wp\/v2\/users\/3"}],"replies":[{"embeddable":true,"href":"https:\/\/www.dasia.ai\/en_gb\/wp-json\/wp\/v2\/comments?post=531"}],"version-history":[{"count":0,"href":"https:\/\/www.dasia.ai\/en_gb\/wp-json\/wp\/v2\/pages\/531\/revisions"}],"wp:attachment":[{"href":"https:\/\/www.dasia.ai\/en_gb\/wp-json\/wp\/v2\/media?parent=531"}],"curies":[{"name":"wp","href":"https:\/\/api.w.org\/{rel}","templated":true}]}}