{"id":546,"date":"2025-01-17T20:35:26","date_gmt":"2025-01-17T20:35:26","guid":{"rendered":"https:\/\/dasia.partnerpreview.com\/?page_id=546"},"modified":"2026-03-06T15:32:52","modified_gmt":"2026-03-06T14:32:52","slug":"politique-de-confidentialite","status":"publish","type":"page","link":"https:\/\/www.dasia.ai\/en_gb\/politique-de-confidentialite\/","title":{"rendered":"Privacy Policy"},"content":{"rendered":"<p><strong>Privacy Policy<\/strong><\/p>\n\n\n\n<p>Vous disposez d\u2019un droit d\u2019acc\u00e8s, de rectification, d\u2019effacement, de limitation, d\u2019opposition au traitement de vos donn\u00e9es personnelles ou un droit de portabilit\u00e9 de ces donn\u00e9es en adressant un courrier \u00e9lectronique \u00e0 l\u2019adresse suivante : dpo@dasia.ai<\/p>\n\n\n\n<p><strong>Site Web<\/strong><\/p>\n\n\n\n<p>Le site Web est \u00e9dit\u00e9 par la soci\u00e9t\u00e9 DASIA (ci-apr\u00e8s \u00ab DASIA \u00bb, soci\u00e9t\u00e9 par actions simplifi\u00e9e, repr\u00e9sent\u00e9e par Yassir CHAKIB, dont le si\u00e8ge social est situ\u00e9 \u00e0 Wacano \u2013 25, quai du Pr\u00e9sident Paul Doumer, 92400 Courbevoie et enregistr\u00e9e au RCS de Nanterre sous le num\u00e9ro 888 649 811.<\/p>\n\n\n\n<p><strong>Adresse de contact : <\/strong>contact@dasia.ai<\/p>\n\n\n\n<p><strong>Num\u00e9ro de TVA intracommunautaire : <\/strong>FR87888649811<\/p>\n\n\n\n<p><strong>T\u00e9l\u00e9phone : <\/strong>01 45 19 00 00<\/p>\n\n\n\n<p><strong>2 \u2013 H\u00e9bergement<\/strong><\/p>\n\n\n\n<p><strong>Le site Web DASIA.ai est h\u00e9berg\u00e9 par l\u2019h\u00e9bergeur OVH, il peut \u00eatre contact\u00e9 aux coordonn\u00e9es suivantes :<\/strong><\/p>\n\n\n\n<p><strong>Adresse de l\u2019h\u00e9bergeur : <\/strong>OVH, 2 rue Kellerman \u2013 59053 Roubaix<\/p>\n\n\n\n<p><strong>T\u00e9l\u00e9phone : <\/strong>08 203 203 63<\/p>\n\n\n\n<p><strong>Email : <\/strong>support@ovh.com<\/p>\n\n\n\n<p><strong>3 \u2013 Directeur de la publication<\/strong><\/p>\n\n\n\n<p>Le directeur de la publication est Yassir CHAKIB<\/p>","protected":false},"excerpt":{"rendered":"<p>Politique de confidentialit\u00e9 Vous disposez d\u2019un droit d\u2019acc\u00e8s, de rectification, d\u2019effacement, de limitation, d\u2019opposition au traitement de vos donn\u00e9es personnelles ou un droit [&hellip;]<\/p>\n","protected":false},"author":3,"featured_media":0,"parent":0,"menu_order":0,"comment_status":"closed","ping_status":"closed","template":"","meta":{"footnotes":""},"class_list":["post-546","page","type-page","status-publish","hentry"],"yoast_head":"<!-- This site is optimized with the Yoast SEO plugin v27.4 - https:\/\/yoast.com\/product\/yoast-seo-wordpress\/ -->\n<title>Politique de confidentialit\u00e9 - dasia.ai<\/title>\n<meta name=\"robots\" content=\"index, follow, max-snippet:-1, max-image-preview:large, max-video-preview:-1\" \/>\n<link rel=\"canonical\" href=\"https:\/\/www.dasia.ai\/en_gb\/politique-de-confidentialite\/\" \/>\n<meta property=\"og:locale\" content=\"en_GB\" \/>\n<meta property=\"og:type\" content=\"article\" \/>\n<meta property=\"og:title\" content=\"Politique de confidentialit\u00e9 - dasia.ai\" \/>\n<meta property=\"og:description\" content=\"Politique de confidentialit\u00e9 Vous disposez d\u2019un droit d\u2019acc\u00e8s, de rectification, d\u2019effacement, de limitation, d\u2019opposition au traitement de vos donn\u00e9es personnelles ou un droit [&hellip;]\" \/>\n<meta property=\"og:url\" content=\"https:\/\/www.dasia.ai\/en_gb\/politique-de-confidentialite\/\" \/>\n<meta property=\"og:site_name\" content=\"dasia.ai\" \/>\n<meta property=\"article:publisher\" content=\"https:\/\/www.facebook.com\/profile.php?id=61572633573293\" \/>\n<meta property=\"article:modified_time\" content=\"2026-03-06T14:32:52+00:00\" \/>\n<meta name=\"twitter:card\" content=\"summary_large_image\" \/>\n<meta name=\"twitter:label1\" content=\"Estimated reading time\" \/>\n\t<meta name=\"twitter:data1\" content=\"1 minute\" \/>\n<script type=\"application\/ld+json\" class=\"yoast-schema-graph\">{\"@context\":\"https:\\\/\\\/schema.org\",\"@graph\":[{\"@type\":\"WebPage\",\"@id\":\"https:\\\/\\\/www.dasia.ai\\\/politique-de-confidentialite\\\/\",\"url\":\"https:\\\/\\\/www.dasia.ai\\\/politique-de-confidentialite\\\/\",\"name\":\"Politique de confidentialit\u00e9 - dasia.ai\",\"isPartOf\":{\"@id\":\"https:\\\/\\\/www.dasia.ai\\\/#website\"},\"datePublished\":\"2025-01-17T20:35:26+00:00\",\"dateModified\":\"2026-03-06T14:32:52+00:00\",\"breadcrumb\":{\"@id\":\"https:\\\/\\\/www.dasia.ai\\\/politique-de-confidentialite\\\/#breadcrumb\"},\"inLanguage\":\"en-GB\",\"potentialAction\":[{\"@type\":\"ReadAction\",\"target\":[\"https:\\\/\\\/www.dasia.ai\\\/politique-de-confidentialite\\\/\"]}]},{\"@type\":\"BreadcrumbList\",\"@id\":\"https:\\\/\\\/www.dasia.ai\\\/politique-de-confidentialite\\\/#breadcrumb\",\"itemListElement\":[{\"@type\":\"ListItem\",\"position\":1,\"name\":\"Accueil\",\"item\":\"https:\\\/\\\/www.dasia.ai\\\/\"},{\"@type\":\"ListItem\",\"position\":2,\"name\":\"Politique de confidentialit\u00e9\"}]},{\"@type\":\"WebSite\",\"@id\":\"https:\\\/\\\/www.dasia.ai\\\/#website\",\"url\":\"https:\\\/\\\/www.dasia.ai\\\/\",\"name\":\"dasia.ai\",\"description\":\"Un nouvel acteur majeur de l\u2019IA et de la vision par ordinateur\",\"publisher\":{\"@id\":\"https:\\\/\\\/www.dasia.ai\\\/#organization\"},\"potentialAction\":[{\"@type\":\"SearchAction\",\"target\":{\"@type\":\"EntryPoint\",\"urlTemplate\":\"https:\\\/\\\/www.dasia.ai\\\/?s={search_term_string}\"},\"query-input\":{\"@type\":\"PropertyValueSpecification\",\"valueRequired\":true,\"valueName\":\"search_term_string\"}}],\"inLanguage\":\"en-GB\"},{\"@type\":\"Organization\",\"@id\":\"https:\\\/\\\/www.dasia.ai\\\/#organization\",\"name\":\"dasia.ai\",\"url\":\"https:\\\/\\\/www.dasia.ai\\\/\",\"logo\":{\"@type\":\"ImageObject\",\"inLanguage\":\"en-GB\",\"@id\":\"https:\\\/\\\/www.dasia.ai\\\/#\\\/schema\\\/logo\\\/image\\\/\",\"url\":\"https:\\\/\\\/www.dasia.ai\\\/wp-content\\\/uploads\\\/2025\\\/01\\\/logo-wobsite-80x80-cm-01.jpg\",\"contentUrl\":\"https:\\\/\\\/www.dasia.ai\\\/wp-content\\\/uploads\\\/2025\\\/01\\\/logo-wobsite-80x80-cm-01.jpg\",\"width\":167,\"height\":167,\"caption\":\"dasia.ai\"},\"image\":{\"@id\":\"https:\\\/\\\/www.dasia.ai\\\/#\\\/schema\\\/logo\\\/image\\\/\"},\"sameAs\":[\"https:\\\/\\\/www.facebook.com\\\/profile.php?id=61572633573293\",\"https:\\\/\\\/www.instagram.com\\\/dasia.ai\\\/\",\"https:\\\/\\\/www.youtube.com\\\/@dasia-ai\",\"https:\\\/\\\/www.linkedin.com\\\/company\\\/dasia-sas\\\/\"]}]}<\/script>\n<!-- \/ Yoast SEO plugin. -->","yoast_head_json":{"title":"Politique de confidentialit\u00e9 - dasia.ai","robots":{"index":"index","follow":"follow","max-snippet":"max-snippet:-1","max-image-preview":"max-image-preview:large","max-video-preview":"max-video-preview:-1"},"canonical":"https:\/\/www.dasia.ai\/en_gb\/politique-de-confidentialite\/","og_locale":"en_GB","og_type":"article","og_title":"Politique de confidentialit\u00e9 - dasia.ai","og_description":"Politique de confidentialit\u00e9 Vous disposez d\u2019un droit d\u2019acc\u00e8s, de rectification, d\u2019effacement, de limitation, d\u2019opposition au traitement de vos donn\u00e9es personnelles ou un droit [&hellip;]","og_url":"https:\/\/www.dasia.ai\/en_gb\/politique-de-confidentialite\/","og_site_name":"dasia.ai","article_publisher":"https:\/\/www.facebook.com\/profile.php?id=61572633573293","article_modified_time":"2026-03-06T14:32:52+00:00","twitter_card":"summary_large_image","twitter_misc":{"Estimated reading time":"1 minute"},"schema":{"@context":"https:\/\/schema.org","@graph":[{"@type":"WebPage","@id":"https:\/\/www.dasia.ai\/politique-de-confidentialite\/","url":"https:\/\/www.dasia.ai\/politique-de-confidentialite\/","name":"Politique de confidentialit\u00e9 - dasia.ai","isPartOf":{"@id":"https:\/\/www.dasia.ai\/#website"},"datePublished":"2025-01-17T20:35:26+00:00","dateModified":"2026-03-06T14:32:52+00:00","breadcrumb":{"@id":"https:\/\/www.dasia.ai\/politique-de-confidentialite\/#breadcrumb"},"inLanguage":"en-GB","potentialAction":[{"@type":"ReadAction","target":["https:\/\/www.dasia.ai\/politique-de-confidentialite\/"]}]},{"@type":"BreadcrumbList","@id":"https:\/\/www.dasia.ai\/politique-de-confidentialite\/#breadcrumb","itemListElement":[{"@type":"ListItem","position":1,"name":"Accueil","item":"https:\/\/www.dasia.ai\/"},{"@type":"ListItem","position":2,"name":"Politique de confidentialit\u00e9"}]},{"@type":"WebSite","@id":"https:\/\/www.dasia.ai\/#website","url":"https:\/\/www.dasia.ai\/","name":"dasia.ai","description":"A new major player in AI and computer vision","publisher":{"@id":"https:\/\/www.dasia.ai\/#organization"},"potentialAction":[{"@type":"SearchAction","target":{"@type":"EntryPoint","urlTemplate":"https:\/\/www.dasia.ai\/?s={search_term_string}"},"query-input":{"@type":"PropertyValueSpecification","valueRequired":true,"valueName":"search_term_string"}}],"inLanguage":"en-GB"},{"@type":"Organization","@id":"https:\/\/www.dasia.ai\/#organization","name":"dasia.ai","url":"https:\/\/www.dasia.ai\/","logo":{"@type":"ImageObject","inLanguage":"en-GB","@id":"https:\/\/www.dasia.ai\/#\/schema\/logo\/image\/","url":"https:\/\/www.dasia.ai\/wp-content\/uploads\/2025\/01\/logo-wobsite-80x80-cm-01.jpg","contentUrl":"https:\/\/www.dasia.ai\/wp-content\/uploads\/2025\/01\/logo-wobsite-80x80-cm-01.jpg","width":167,"height":167,"caption":"dasia.ai"},"image":{"@id":"https:\/\/www.dasia.ai\/#\/schema\/logo\/image\/"},"sameAs":["https:\/\/www.facebook.com\/profile.php?id=61572633573293","https:\/\/www.instagram.com\/dasia.ai\/","https:\/\/www.youtube.com\/@dasia-ai","https:\/\/www.linkedin.com\/company\/dasia-sas\/"]}]}},"_links":{"self":[{"href":"https:\/\/www.dasia.ai\/en_gb\/wp-json\/wp\/v2\/pages\/546","targetHints":{"allow":["GET"]}}],"collection":[{"href":"https:\/\/www.dasia.ai\/en_gb\/wp-json\/wp\/v2\/pages"}],"about":[{"href":"https:\/\/www.dasia.ai\/en_gb\/wp-json\/wp\/v2\/types\/page"}],"author":[{"embeddable":true,"href":"https:\/\/www.dasia.ai\/en_gb\/wp-json\/wp\/v2\/users\/3"}],"replies":[{"embeddable":true,"href":"https:\/\/www.dasia.ai\/en_gb\/wp-json\/wp\/v2\/comments?post=546"}],"version-history":[{"count":0,"href":"https:\/\/www.dasia.ai\/en_gb\/wp-json\/wp\/v2\/pages\/546\/revisions"}],"wp:attachment":[{"href":"https:\/\/www.dasia.ai\/en_gb\/wp-json\/wp\/v2\/media?parent=546"}],"curies":[{"name":"wp","href":"https:\/\/api.w.org\/{rel}","templated":true}]}}