{"id":76,"date":"2023-06-01T10:53:32","date_gmt":"2023-06-01T10:53:32","guid":{"rendered":"https:\/\/dasia.partnerpreview.com\/contact\/"},"modified":"2026-03-06T15:32:51","modified_gmt":"2026-03-06T14:32:51","slug":"contactez-nous","status":"publish","type":"page","link":"https:\/\/www.dasia.ai\/en_gb\/contactez-nous\/","title":{"rendered":"Contact us"},"content":{"rendered":"\t\t<div data-elementor-type=\"wp-page\" data-elementor-id=\"76\" class=\"elementor elementor-76\" data-elementor-settings=\"{&quot;element_pack_global_tooltip_width&quot;:{&quot;unit&quot;:&quot;px&quot;,&quot;size&quot;:&quot;&quot;,&quot;sizes&quot;:[]},&quot;element_pack_global_tooltip_width_tablet&quot;:{&quot;unit&quot;:&quot;px&quot;,&quot;size&quot;:&quot;&quot;,&quot;sizes&quot;:[]},&quot;element_pack_global_tooltip_width_mobile&quot;:{&quot;unit&quot;:&quot;px&quot;,&quot;size&quot;:&quot;&quot;,&quot;sizes&quot;:[]},&quot;element_pack_global_tooltip_padding&quot;:{&quot;unit&quot;:&quot;px&quot;,&quot;top&quot;:&quot;&quot;,&quot;right&quot;:&quot;&quot;,&quot;bottom&quot;:&quot;&quot;,&quot;left&quot;:&quot;&quot;,&quot;isLinked&quot;:true},&quot;element_pack_global_tooltip_padding_tablet&quot;:{&quot;unit&quot;:&quot;px&quot;,&quot;top&quot;:&quot;&quot;,&quot;right&quot;:&quot;&quot;,&quot;bottom&quot;:&quot;&quot;,&quot;left&quot;:&quot;&quot;,&quot;isLinked&quot;:true},&quot;element_pack_global_tooltip_padding_mobile&quot;:{&quot;unit&quot;:&quot;px&quot;,&quot;top&quot;:&quot;&quot;,&quot;right&quot;:&quot;&quot;,&quot;bottom&quot;:&quot;&quot;,&quot;left&quot;:&quot;&quot;,&quot;isLinked&quot;:true},&quot;element_pack_global_tooltip_border_radius&quot;:{&quot;unit&quot;:&quot;px&quot;,&quot;top&quot;:&quot;&quot;,&quot;right&quot;:&quot;&quot;,&quot;bottom&quot;:&quot;&quot;,&quot;left&quot;:&quot;&quot;,&quot;isLinked&quot;:true},&quot;element_pack_global_tooltip_border_radius_tablet&quot;:{&quot;unit&quot;:&quot;px&quot;,&quot;top&quot;:&quot;&quot;,&quot;right&quot;:&quot;&quot;,&quot;bottom&quot;:&quot;&quot;,&quot;left&quot;:&quot;&quot;,&quot;isLinked&quot;:true},&quot;element_pack_global_tooltip_border_radius_mobile&quot;:{&quot;unit&quot;:&quot;px&quot;,&quot;top&quot;:&quot;&quot;,&quot;right&quot;:&quot;&quot;,&quot;bottom&quot;:&quot;&quot;,&quot;left&quot;:&quot;&quot;,&quot;isLinked&quot;:true}}\" data-elementor-post-type=\"page\">\n\t\t\t\t\t\t<div class=\"elementor-section elementor-top-section elementor-element elementor-element-d9165de elementor-section-boxed elementor-section-height-default elementor-section-height-default\" data-id=\"d9165de\" data-element_type=\"section\" data-e-type=\"section\" data-settings=\"{&quot;background_background&quot;:&quot;classic&quot;}\">\n\t\t\t\t\t\t<div class=\"elementor-container elementor-column-gap-default\">\n\t\t\t\t\t<div class=\"elementor-column elementor-col-100 elementor-top-column elementor-element elementor-element-feee44b\" data-id=\"feee44b\" data-element_type=\"column\" data-e-type=\"column\">\n\t\t\t<div class=\"elementor-widget-wrap elementor-element-populated\">\n\t\t\t\t\t\t<div class=\"elementor-element elementor-element-686d469 elementor-invisible elementor-widget elementor-widget-heading\" data-id=\"686d469\" data-element_type=\"widget\" data-e-type=\"widget\" data-settings=\"{&quot;_animation&quot;:&quot;fadeInUp&quot;,&quot;_animation_delay&quot;:550}\" data-widget_type=\"heading.default\">\n\t\t\t\t<div class=\"elementor-widget-container\">\n\t\t\t\t\t<h1 class=\"elementor-heading-title elementor-size-default\">Contactez DASIA<\/h1>\t\t\t\t<\/div>\n\t\t\t\t<\/div>\n\t\t\t\t<div class=\"elementor-element elementor-element-88b5103 elementor-invisible elementor-widget elementor-widget-text-editor\" data-id=\"88b5103\" data-element_type=\"widget\" data-e-type=\"widget\" data-settings=\"{&quot;_animation&quot;:&quot;fadeInUp&quot;,&quot;_animation_delay&quot;:700}\" data-widget_type=\"text-editor.default\">\n\t\t\t\t<div class=\"elementor-widget-container\">\n\t\t\t\t\t\t\t\t\t<p>Nos experrts en IA et m\u00e9tiers vous recontacteront tr\u00e8s rapidement<\/p>\t\t\t\t\t\t\t\t<\/div>\n\t\t\t\t<\/div>\n\t\t\t\t\t<\/div>\n\t\t<\/div>\n\t\t\t\t\t<\/div>\n\t\t<\/div>\n\t\t\t\t<section class=\"elementor-section elementor-top-section elementor-element elementor-element-43cc7a9 elementor-section-boxed elementor-section-height-default elementor-section-height-default\" data-id=\"43cc7a9\" data-element_type=\"section\" data-e-type=\"section\">\n\t\t\t\t\t\t<div class=\"elementor-container elementor-column-gap-default\">\n\t\t\t\t\t<div class=\"elementor-column elementor-col-100 elementor-top-column elementor-element elementor-element-904c8b1\" data-id=\"904c8b1\" data-element_type=\"column\" data-e-type=\"column\">\n\t\t\t<div class=\"elementor-widget-wrap elementor-element-populated\">\n\t\t\t\t\t\t<div class=\"elementor-element elementor-element-2702de5 elementor-button-align-center elementor-invisible elementor-widget elementor-widget-form\" data-id=\"2702de5\" data-element_type=\"widget\" data-e-type=\"widget\" data-settings=\"{&quot;step_next_label&quot;:&quot;Next&quot;,&quot;step_previous_label&quot;:&quot;Previous&quot;,&quot;_animation_delay&quot;:850,&quot;_animation&quot;:&quot;fadeInUp&quot;,&quot;step_type&quot;:&quot;number_text&quot;,&quot;step_icon_shape&quot;:&quot;circle&quot;}\" data-widget_type=\"form.default\">\n\t\t\t\t<div class=\"elementor-widget-container\">\n\t\t\t\t\t\t\t<form class=\"elementor-form\" method=\"post\" name=\"Formulaire de contact\">\n\t\t\t<input type=\"hidden\" name=\"post_id\" value=\"76\"\/>\n\t\t\t<input type=\"hidden\" name=\"form_id\" value=\"2702de5\"\/>\n\t\t\t<input type=\"hidden\" name=\"referer_title\" value=\"Contactez-nous - dasia.ai\" \/>\n\n\t\t\t\t\t\t\t<input type=\"hidden\" name=\"queried_id\" value=\"76\"\/>\n\t\t\t\n\t\t\t<div class=\"elementor-form-fields-wrapper elementor-labels-above\">\n\t\t\t\t\t\t\t\t<div class=\"elementor-field-type-text elementor-field-group elementor-column elementor-field-group-prenom elementor-col-50 elementor-field-required\">\n\t\t\t\t\t\t\t\t\t\t\t\t\t<input size=\"1\" type=\"text\" name=\"form_fields[prenom]\" id=\"form-field-prenom\" class=\"elementor-field elementor-size-sm  elementor-field-textual\" placeholder=\"Pr\u00e9nom\" required=\"required\" aria-required=\"true\">\n\t\t\t\t\t\t\t\t\t\t\t<\/div>\n\t\t\t\t\t\t\t\t<div class=\"elementor-field-type-text elementor-field-group elementor-column elementor-field-group-nom elementor-col-50 elementor-field-required\">\n\t\t\t\t\t\t\t\t\t\t\t\t\t<input size=\"1\" type=\"text\" name=\"form_fields[nom]\" id=\"form-field-nom\" class=\"elementor-field elementor-size-sm  elementor-field-textual\" placeholder=\"Nom\" required=\"required\" aria-required=\"true\">\n\t\t\t\t\t\t\t\t\t\t\t<\/div>\n\t\t\t\t\t\t\t\t<div class=\"elementor-field-type-email elementor-field-group elementor-column elementor-field-group-email elementor-col-100 elementor-field-required\">\n\t\t\t\t\t\t\t\t\t\t\t\t\t<input size=\"1\" type=\"email\" name=\"form_fields[email]\" id=\"form-field-email\" class=\"elementor-field elementor-size-sm  elementor-field-textual\" placeholder=\"Email\" required=\"required\" aria-required=\"true\">\n\t\t\t\t\t\t\t\t\t\t\t<\/div>\n\t\t\t\t\t\t\t\t<div class=\"elementor-field-type-text elementor-field-group elementor-column elementor-field-group-societe elementor-col-100 elementor-field-required\">\n\t\t\t\t\t\t\t\t\t\t\t\t\t<input size=\"1\" type=\"text\" name=\"form_fields[societe]\" id=\"form-field-societe\" class=\"elementor-field elementor-size-sm  elementor-field-textual\" placeholder=\"Soci\u00e9t\u00e9\" required=\"required\" aria-required=\"true\">\n\t\t\t\t\t\t\t\t\t\t\t<\/div>\n\t\t\t\t\t\t\t\t<div class=\"elementor-field-type-text elementor-field-group elementor-column elementor-field-group-pays elementor-col-100 elementor-field-required\">\n\t\t\t\t\t\t\t\t\t\t\t\t\t<input size=\"1\" type=\"text\" name=\"form_fields[pays]\" id=\"form-field-pays\" class=\"elementor-field elementor-size-sm  elementor-field-textual\" placeholder=\"Pays\" required=\"required\" aria-required=\"true\">\n\t\t\t\t\t\t\t\t\t\t\t<\/div>\n\t\t\t\t\t\t\t\t<div class=\"elementor-field-type-textarea elementor-field-group elementor-column elementor-field-group-message elementor-col-100 elementor-field-required\">\n\t\t\t\t\t<textarea class=\"elementor-field-textual elementor-field  elementor-size-sm\" name=\"form_fields[message]\" id=\"form-field-message\" rows=\"4\" placeholder=\"Message\" required=\"required\" aria-required=\"true\"><\/textarea>\t\t\t\t<\/div>\n\t\t\t\t\t\t\t\t<div class=\"elementor-field-type-acceptance elementor-field-group elementor-column elementor-field-group-field_cac8c9c elementor-col-100 elementor-field-required\">\n\t\t\t\t\t\t\t<div class=\"elementor-field-subgroup\">\n\t\t\t<span class=\"elementor-field-option\">\n\t\t\t\t<input type=\"checkbox\" name=\"form_fields[field_cac8c9c]\" id=\"form-field-field_cac8c9c\" class=\"elementor-field elementor-size-sm  elementor-acceptance-field\" required=\"required\" aria-required=\"true\">\n\t\t\t\t<label for=\"form-field-field_cac8c9c\">j'accepte les termes et conditions expos\u00e9s dans <a href=\"#\">la politique de confidentialit\u00e9*<\/a><\/label>\t\t\t<\/span>\n\t\t<\/div>\n\t\t\t\t\t\t<\/div>\n\t\t\t\t\t\t\t\t<div class=\"elementor-field-group elementor-column elementor-field-type-submit elementor-col-100 e-form__buttons\">\n\t\t\t\t\t<button class=\"elementor-button elementor-size-sm\" type=\"submit\">\n\t\t\t\t\t\t<span class=\"elementor-button-content-wrapper\">\n\t\t\t\t\t\t\t\t\t\t\t\t\t\t\t\t\t\t\t\t\t\t<span class=\"elementor-button-text\">Envoyer<\/span>\n\t\t\t\t\t\t\t\t\t\t\t\t\t<\/span>\n\t\t\t\t\t<\/button>\n\t\t\t\t<\/div>\n\t\t\t<\/div>\n\t\t<\/form>\n\t\t\t\t\t\t<\/div>\n\t\t\t\t<\/div>\n\t\t\t\t<div class=\"elementor-element elementor-element-a5a9ea0 elementor-widget elementor-widget-text-editor\" data-id=\"a5a9ea0\" data-element_type=\"widget\" data-e-type=\"widget\" data-widget_type=\"text-editor.default\">\n\t\t\t\t<div class=\"elementor-widget-container\">\n\t\t\t\t\t\t\t\t\t<p>Notre formulaire ne s&rsquo;affiche pas? Ouvrez cette page dans un autre navigateur ou <strong><a href=\"mailto:contact@DASIA.fr\">contactez-nous directement.<\/a><\/strong><\/p>\t\t\t\t\t\t\t\t<\/div>\n\t\t\t\t<\/div>\n\t\t\t\t\t<\/div>\n\t\t<\/div>\n\t\t\t\t\t<\/div>\n\t\t<\/section>\n\t\t\t\t<\/div>\n\t\t","protected":false},"excerpt":{"rendered":"<p>Contactez DASIA Nos experrts en IA et m\u00e9tiers vous recontacteront tr\u00e8s rapidement Notre formulaire ne s&rsquo;affiche pas? Ouvrez cette page dans un autre [&hellip;]<\/p>\n","protected":false},"author":3,"featured_media":0,"parent":0,"menu_order":0,"comment_status":"closed","ping_status":"closed","template":"","meta":{"footnotes":""},"class_list":["post-76","page","type-page","status-publish","hentry"],"yoast_head":"<!-- This site is optimized with the Yoast SEO plugin v27.4 - https:\/\/yoast.com\/product\/yoast-seo-wordpress\/ -->\n<title>Contactez-nous - dasia.ai<\/title>\n<meta name=\"description\" content=\"N&#039;h\u00e9sitez pas \u00e0 nous contacter soit directement soit gr\u00e2ce \u00e0 ce formulaire, nous ne manquerons pas de vous r\u00e9pondre dans les plus brefs d\u00e9lais ...\" \/>\n<meta name=\"robots\" content=\"index, follow, max-snippet:-1, max-image-preview:large, max-video-preview:-1\" \/>\n<link rel=\"canonical\" href=\"https:\/\/www.dasia.ai\/en_gb\/contactez-nous\/\" \/>\n<meta property=\"og:locale\" content=\"en_GB\" \/>\n<meta property=\"og:type\" content=\"article\" \/>\n<meta property=\"og:title\" content=\"Contactez-nous - dasia.ai\" \/>\n<meta property=\"og:description\" content=\"N&#039;h\u00e9sitez pas \u00e0 nous contacter soit directement soit gr\u00e2ce \u00e0 ce formulaire, nous ne manquerons pas de vous r\u00e9pondre dans les plus brefs d\u00e9lais ...\" \/>\n<meta property=\"og:url\" content=\"https:\/\/www.dasia.ai\/en_gb\/contactez-nous\/\" \/>\n<meta property=\"og:site_name\" content=\"dasia.ai\" \/>\n<meta property=\"article:publisher\" content=\"https:\/\/www.facebook.com\/profile.php?id=61572633573293\" \/>\n<meta property=\"article:modified_time\" content=\"2026-03-06T14:32:51+00:00\" \/>\n<meta name=\"twitter:card\" content=\"summary_large_image\" \/>\n<meta name=\"twitter:label1\" content=\"Estimated reading time\" \/>\n\t<meta name=\"twitter:data1\" content=\"1 minute\" \/>\n<script type=\"application\/ld+json\" class=\"yoast-schema-graph\">{\"@context\":\"https:\\\/\\\/schema.org\",\"@graph\":[{\"@type\":\"WebPage\",\"@id\":\"https:\\\/\\\/www.dasia.ai\\\/contactez-nous\\\/\",\"url\":\"https:\\\/\\\/www.dasia.ai\\\/contactez-nous\\\/\",\"name\":\"Contactez-nous - dasia.ai\",\"isPartOf\":{\"@id\":\"https:\\\/\\\/www.dasia.ai\\\/#website\"},\"datePublished\":\"2023-06-01T10:53:32+00:00\",\"dateModified\":\"2026-03-06T14:32:51+00:00\",\"description\":\"N'h\u00e9sitez pas \u00e0 nous contacter soit directement soit gr\u00e2ce \u00e0 ce formulaire, nous ne manquerons pas de vous r\u00e9pondre dans les plus brefs d\u00e9lais ...\",\"breadcrumb\":{\"@id\":\"https:\\\/\\\/www.dasia.ai\\\/contactez-nous\\\/#breadcrumb\"},\"inLanguage\":\"en-GB\",\"potentialAction\":[{\"@type\":\"ReadAction\",\"target\":[\"https:\\\/\\\/www.dasia.ai\\\/contactez-nous\\\/\"]}]},{\"@type\":\"BreadcrumbList\",\"@id\":\"https:\\\/\\\/www.dasia.ai\\\/contactez-nous\\\/#breadcrumb\",\"itemListElement\":[{\"@type\":\"ListItem\",\"position\":1,\"name\":\"Accueil\",\"item\":\"https:\\\/\\\/www.dasia.ai\\\/\"},{\"@type\":\"ListItem\",\"position\":2,\"name\":\"Contactez-nous\"}]},{\"@type\":\"WebSite\",\"@id\":\"https:\\\/\\\/www.dasia.ai\\\/#website\",\"url\":\"https:\\\/\\\/www.dasia.ai\\\/\",\"name\":\"dasia.ai\",\"description\":\"Un nouvel acteur majeur de l\u2019IA et de la vision par ordinateur\",\"publisher\":{\"@id\":\"https:\\\/\\\/www.dasia.ai\\\/#organization\"},\"potentialAction\":[{\"@type\":\"SearchAction\",\"target\":{\"@type\":\"EntryPoint\",\"urlTemplate\":\"https:\\\/\\\/www.dasia.ai\\\/?s={search_term_string}\"},\"query-input\":{\"@type\":\"PropertyValueSpecification\",\"valueRequired\":true,\"valueName\":\"search_term_string\"}}],\"inLanguage\":\"en-GB\"},{\"@type\":\"Organization\",\"@id\":\"https:\\\/\\\/www.dasia.ai\\\/#organization\",\"name\":\"dasia.ai\",\"url\":\"https:\\\/\\\/www.dasia.ai\\\/\",\"logo\":{\"@type\":\"ImageObject\",\"inLanguage\":\"en-GB\",\"@id\":\"https:\\\/\\\/www.dasia.ai\\\/#\\\/schema\\\/logo\\\/image\\\/\",\"url\":\"https:\\\/\\\/www.dasia.ai\\\/wp-content\\\/uploads\\\/2025\\\/01\\\/logo-wobsite-80x80-cm-01.jpg\",\"contentUrl\":\"https:\\\/\\\/www.dasia.ai\\\/wp-content\\\/uploads\\\/2025\\\/01\\\/logo-wobsite-80x80-cm-01.jpg\",\"width\":167,\"height\":167,\"caption\":\"dasia.ai\"},\"image\":{\"@id\":\"https:\\\/\\\/www.dasia.ai\\\/#\\\/schema\\\/logo\\\/image\\\/\"},\"sameAs\":[\"https:\\\/\\\/www.facebook.com\\\/profile.php?id=61572633573293\",\"https:\\\/\\\/www.instagram.com\\\/dasia.ai\\\/\",\"https:\\\/\\\/www.youtube.com\\\/@dasia-ai\",\"https:\\\/\\\/www.linkedin.com\\\/company\\\/dasia-sas\\\/\"]}]}<\/script>\n<!-- \/ Yoast SEO plugin. -->","yoast_head_json":{"title":"Contactez-nous - dasia.ai","description":"N'h\u00e9sitez pas \u00e0 nous contacter soit directement soit gr\u00e2ce \u00e0 ce formulaire, nous ne manquerons pas de vous r\u00e9pondre dans les plus brefs d\u00e9lais ...","robots":{"index":"index","follow":"follow","max-snippet":"max-snippet:-1","max-image-preview":"max-image-preview:large","max-video-preview":"max-video-preview:-1"},"canonical":"https:\/\/www.dasia.ai\/en_gb\/contactez-nous\/","og_locale":"en_GB","og_type":"article","og_title":"Contactez-nous - dasia.ai","og_description":"N'h\u00e9sitez pas \u00e0 nous contacter soit directement soit gr\u00e2ce \u00e0 ce formulaire, nous ne manquerons pas de vous r\u00e9pondre dans les plus brefs d\u00e9lais ...","og_url":"https:\/\/www.dasia.ai\/en_gb\/contactez-nous\/","og_site_name":"dasia.ai","article_publisher":"https:\/\/www.facebook.com\/profile.php?id=61572633573293","article_modified_time":"2026-03-06T14:32:51+00:00","twitter_card":"summary_large_image","twitter_misc":{"Estimated reading time":"1 minute"},"schema":{"@context":"https:\/\/schema.org","@graph":[{"@type":"WebPage","@id":"https:\/\/www.dasia.ai\/contactez-nous\/","url":"https:\/\/www.dasia.ai\/contactez-nous\/","name":"Contactez-nous - dasia.ai","isPartOf":{"@id":"https:\/\/www.dasia.ai\/#website"},"datePublished":"2023-06-01T10:53:32+00:00","dateModified":"2026-03-06T14:32:51+00:00","description":"N'h\u00e9sitez pas \u00e0 nous contacter soit directement soit gr\u00e2ce \u00e0 ce formulaire, nous ne manquerons pas de vous r\u00e9pondre dans les plus brefs d\u00e9lais ...","breadcrumb":{"@id":"https:\/\/www.dasia.ai\/contactez-nous\/#breadcrumb"},"inLanguage":"en-GB","potentialAction":[{"@type":"ReadAction","target":["https:\/\/www.dasia.ai\/contactez-nous\/"]}]},{"@type":"BreadcrumbList","@id":"https:\/\/www.dasia.ai\/contactez-nous\/#breadcrumb","itemListElement":[{"@type":"ListItem","position":1,"name":"Accueil","item":"https:\/\/www.dasia.ai\/"},{"@type":"ListItem","position":2,"name":"Contactez-nous"}]},{"@type":"WebSite","@id":"https:\/\/www.dasia.ai\/#website","url":"https:\/\/www.dasia.ai\/","name":"dasia.ai","description":"A new major player in AI and computer vision","publisher":{"@id":"https:\/\/www.dasia.ai\/#organization"},"potentialAction":[{"@type":"SearchAction","target":{"@type":"EntryPoint","urlTemplate":"https:\/\/www.dasia.ai\/?s={search_term_string}"},"query-input":{"@type":"PropertyValueSpecification","valueRequired":true,"valueName":"search_term_string"}}],"inLanguage":"en-GB"},{"@type":"Organization","@id":"https:\/\/www.dasia.ai\/#organization","name":"dasia.ai","url":"https:\/\/www.dasia.ai\/","logo":{"@type":"ImageObject","inLanguage":"en-GB","@id":"https:\/\/www.dasia.ai\/#\/schema\/logo\/image\/","url":"https:\/\/www.dasia.ai\/wp-content\/uploads\/2025\/01\/logo-wobsite-80x80-cm-01.jpg","contentUrl":"https:\/\/www.dasia.ai\/wp-content\/uploads\/2025\/01\/logo-wobsite-80x80-cm-01.jpg","width":167,"height":167,"caption":"dasia.ai"},"image":{"@id":"https:\/\/www.dasia.ai\/#\/schema\/logo\/image\/"},"sameAs":["https:\/\/www.facebook.com\/profile.php?id=61572633573293","https:\/\/www.instagram.com\/dasia.ai\/","https:\/\/www.youtube.com\/@dasia-ai","https:\/\/www.linkedin.com\/company\/dasia-sas\/"]}]}},"_links":{"self":[{"href":"https:\/\/www.dasia.ai\/en_gb\/wp-json\/wp\/v2\/pages\/76","targetHints":{"allow":["GET"]}}],"collection":[{"href":"https:\/\/www.dasia.ai\/en_gb\/wp-json\/wp\/v2\/pages"}],"about":[{"href":"https:\/\/www.dasia.ai\/en_gb\/wp-json\/wp\/v2\/types\/page"}],"author":[{"embeddable":true,"href":"https:\/\/www.dasia.ai\/en_gb\/wp-json\/wp\/v2\/users\/3"}],"replies":[{"embeddable":true,"href":"https:\/\/www.dasia.ai\/en_gb\/wp-json\/wp\/v2\/comments?post=76"}],"version-history":[{"count":0,"href":"https:\/\/www.dasia.ai\/en_gb\/wp-json\/wp\/v2\/pages\/76\/revisions"}],"wp:attachment":[{"href":"https:\/\/www.dasia.ai\/en_gb\/wp-json\/wp\/v2\/media?parent=76"}],"curies":[{"name":"wp","href":"https:\/\/api.w.org\/{rel}","templated":true}]}}